{"id":1495,"date":"2020-02-17T12:24:31","date_gmt":"2020-02-17T11:24:31","guid":{"rendered":"https:\/\/coletsposi.com\/demo\/?page_id=1495"},"modified":"2020-09-18T11:57:29","modified_gmt":"2020-09-18T09:57:29","slug":"atelier","status":"publish","type":"page","link":"https:\/\/coletsposi.com\/it\/atelier\/","title":{"rendered":"Atelier"},"content":{"rendered":"\t\t<div data-elementor-type=\"wp-page\" data-elementor-id=\"1495\" class=\"elementor elementor-1495\" data-elementor-settings=\"[]\">\n\t\t\t<div class=\"elementor-inner\">\n\t\t\t\t<div class=\"elementor-section-wrap\">\n\t\t\t\t\t\t\t<section class=\"elementor-element elementor-element-1f2a1b7 elementor-section-boxed elementor-section-height-default elementor-section-height-default elementor-section elementor-top-section\" data-id=\"1f2a1b7\" data-element_type=\"section\">\n\t\t\t\t\t\t<div class=\"elementor-container elementor-column-gap-default\">\n\t\t\t\t<div class=\"elementor-row\">\n\t\t\t\t<div class=\"elementor-element elementor-element-d81ec23 elementor-column elementor-col-100 elementor-top-column\" data-id=\"d81ec23\" data-element_type=\"column\">\n\t\t\t<div class=\"elementor-column-wrap  elementor-element-populated\">\n\t\t\t\t\t<div class=\"elementor-widget-wrap\">\n\t\t\t\t<div class=\"elementor-element elementor-element-bcf35cf elementor-hidden-tablet elementor-hidden-phone elementor-widget elementor-widget-clever-slider\" data-id=\"bcf35cf\" data-element_type=\"widget\" data-widget_type=\"clever-slider.default\">\n\t\t\t\t<div class=\"elementor-widget-container\">\n\t\t\t<div class=\"cafe-slider-wrapper elementor-slick-slider\" dir=\"ltr\">\n    <div class=\"cafe-slider-slides\" data-slider_options=\"{&quot;slidesToShow&quot;:1,&quot;autoplaySpeed&quot;:5000,&quot;autoplay&quot;:true,&quot;infinite&quot;:true,&quot;pauseOnHover&quot;:true,&quot;speed&quot;:500,&quot;arrows&quot;:false,&quot;dots&quot;:false,&quot;dotsClass&quot;:&quot;slick-dots&quot;,&quot;rtl&quot;:false}\" data-animation=\"fadeInUp\">\n        <div class=\"elementor-repeater-item-4fa0c41 slick-slide\"><div class=\"slick-slide-bg inherit-effect\"  data-animation=\"inherit\"><\/div><div class=\"cafe-slide-bg-overlay\"><\/div><div  class=\"slick-slide-inner\"><div class=\"cafe-slide-content\"  data-animation=\"inherit\"><\/div><\/div><\/div>    <\/div>\n<\/div>\n\t\t<\/div>\n\t\t\t\t<\/div>\n\t\t\t\t<div class=\"elementor-element elementor-element-f7fb7c7 elementor-widget elementor-widget-heading\" data-id=\"f7fb7c7\" data-element_type=\"widget\" data-widget_type=\"heading.default\">\n\t\t\t\t<div class=\"elementor-widget-container\">\n\t\t\t<h3 class=\"elementor-heading-title elementor-size-default\">Atelier<\/h3>\t\t<\/div>\n\t\t\t\t<\/div>\n\t\t\t\t<div class=\"elementor-element elementor-element-fbfe7ef elementor-widget elementor-widget-image\" data-id=\"fbfe7ef\" data-element_type=\"widget\" data-widget_type=\"image.default\">\n\t\t\t\t<div class=\"elementor-widget-container\">\n\t\t\t\t\t<div class=\"elementor-image\">\n\t\t\t\t\t\t\t\t\t\t<img decoding=\"async\" src=\"http:\/\/anon.wp1.zootemplate.com\/wp-content\/uploads\/2020\/01\/h4-pendant.png\" title=\"\" alt=\"\" \/>\t\t\t\t\t\t\t\t\t\t\t<\/div>\n\t\t\t\t<\/div>\n\t\t\t\t<\/div>\n\t\t\t\t<div class=\"elementor-element elementor-element-528717f elementor-widget elementor-widget-text-editor\" data-id=\"528717f\" data-element_type=\"widget\" data-widget_type=\"text-editor.default\">\n\t\t\t\t<div class=\"elementor-widget-container\">\n\t\t\t\t\t<div class=\"elementor-text-editor elementor-clearfix\"><p>Colet fa rima con Sposi, Matrimonio, ma principalmente con stile ed eleganza. Nel giorno pi\u00f9 bello, ormai \u00e8 cambiato tutto: location, men\u00f9 dei banchetti, viaggi<span class=\"text_exposed_show\">\u00a0e liste nozze, quello che per\u00f2 non cambia mai, che \u00e8 intramontabile \u00e8 l\u2018abito per la cerimonia.<\/span><\/p><\/div>\n\t\t\t\t<\/div>\n\t\t\t\t<\/div>\n\t\t\t\t\t\t<\/div>\n\t\t\t<\/div>\n\t\t<\/div>\n\t\t\t\t\t\t<\/div>\n\t\t\t<\/div>\n\t\t<\/section>\n\t\t\t\t<section class=\"elementor-element elementor-element-cfac0eb elementor-section-stretched elementor-section-boxed elementor-section-height-default elementor-section-height-default elementor-section elementor-top-section\" data-id=\"cfac0eb\" data-element_type=\"section\" data-settings=\"{&quot;stretch_section&quot;:&quot;section-stretched&quot;,&quot;background_background&quot;:&quot;classic&quot;}\">\n\t\t\t\t\t\t<div class=\"elementor-container elementor-column-gap-default\">\n\t\t\t\t<div class=\"elementor-row\">\n\t\t\t\t<div class=\"elementor-element elementor-element-69ba611 elementor-column elementor-col-50 elementor-top-column\" data-id=\"69ba611\" data-element_type=\"column\" data-settings=\"{&quot;background_background&quot;:&quot;classic&quot;}\">\n\t\t\t<div class=\"elementor-column-wrap\">\n\t\t\t\t\t<div class=\"elementor-widget-wrap\">\n\t\t\t\t\t\t<\/div>\n\t\t\t<\/div>\n\t\t<\/div>\n\t\t\t\t<div class=\"elementor-element elementor-element-41f21a3 elementor-invisible elementor-column elementor-col-50 elementor-top-column\" data-id=\"41f21a3\" data-element_type=\"column\" data-settings=\"{&quot;animation&quot;:&quot;fadeInUp&quot;}\">\n\t\t\t<div class=\"elementor-column-wrap  elementor-element-populated\">\n\t\t\t\t\t<div class=\"elementor-widget-wrap\">\n\t\t\t\t<div class=\"elementor-element elementor-element-a4b8925 elementor-widget elementor-widget-text-editor\" data-id=\"a4b8925\" data-element_type=\"widget\" data-widget_type=\"text-editor.default\">\n\t\t\t\t<div class=\"elementor-widget-container\">\n\t\t\t\t\t<div class=\"elementor-text-editor elementor-clearfix\"><p>All\u2019interno di questa straordinaria boutique, i futuri sposi potranno avere a disposizione personale altamente qualificato, che dar\u00e0 i consigli giusti per trovare la soluzione miglore per il giorno pi\u00f9 indimenticabile della tua vita.<\/p><\/div>\n\t\t\t\t<\/div>\n\t\t\t\t<\/div>\n\t\t\t\t\t\t<\/div>\n\t\t\t<\/div>\n\t\t<\/div>\n\t\t\t\t\t\t<\/div>\n\t\t\t<\/div>\n\t\t<\/section>\n\t\t\t\t<section class=\"elementor-element elementor-element-55160fc elementor-section-stretched elementor-section-boxed elementor-section-height-default elementor-section-height-default elementor-section elementor-top-section\" data-id=\"55160fc\" data-element_type=\"section\" data-settings=\"{&quot;stretch_section&quot;:&quot;section-stretched&quot;,&quot;background_background&quot;:&quot;classic&quot;}\">\n\t\t\t\t\t\t<div class=\"elementor-container elementor-column-gap-default\">\n\t\t\t\t<div class=\"elementor-row\">\n\t\t\t\t<div class=\"elementor-element elementor-element-d994c2a elementor-invisible elementor-column elementor-col-50 elementor-top-column\" data-id=\"d994c2a\" data-element_type=\"column\" data-settings=\"{&quot;animation&quot;:&quot;fadeInUp&quot;}\">\n\t\t\t<div class=\"elementor-column-wrap  elementor-element-populated\">\n\t\t\t\t\t<div class=\"elementor-widget-wrap\">\n\t\t\t\t<div class=\"elementor-element elementor-element-26dcab5 elementor-widget elementor-widget-text-editor\" data-id=\"26dcab5\" data-element_type=\"widget\" data-widget_type=\"text-editor.default\">\n\t\t\t\t<div class=\"elementor-widget-container\">\n\t\t\t\t\t<div class=\"elementor-text-editor elementor-clearfix\"><p>Tante le griffe e i modelli a disposizione, tra tutti, per lui c\u2019\u00e8 l\u2019abito Cerimonia Uomo Carlo Pignatelli. Per lei invece, i modelli delle pi\u00f9 prestigiose aziende, italiane ed europee. Tra tutte, Colet \u00e8 specializzato negli abiti da Sposa Pronovias.<\/p><\/div>\n\t\t\t\t<\/div>\n\t\t\t\t<\/div>\n\t\t\t\t\t\t<\/div>\n\t\t\t<\/div>\n\t\t<\/div>\n\t\t\t\t<div class=\"elementor-element elementor-element-a9574aa elementor-column elementor-col-50 elementor-top-column\" data-id=\"a9574aa\" data-element_type=\"column\">\n\t\t\t<div class=\"elementor-column-wrap\">\n\t\t\t\t\t<div class=\"elementor-widget-wrap\">\n\t\t\t\t\t\t<\/div>\n\t\t\t<\/div>\n\t\t<\/div>\n\t\t\t\t\t\t<\/div>\n\t\t\t<\/div>\n\t\t<\/section>\n\t\t\t\t<section class=\"elementor-element elementor-element-38f8288 elementor-section-boxed elementor-section-height-default elementor-section-height-default elementor-section elementor-top-section\" data-id=\"38f8288\" data-element_type=\"section\">\n\t\t\t\t\t\t<div class=\"elementor-container elementor-column-gap-default\">\n\t\t\t\t<div class=\"elementor-row\">\n\t\t\t\t<div class=\"elementor-element elementor-element-cf2ee0f elementor-column elementor-col-100 elementor-top-column\" data-id=\"cf2ee0f\" data-element_type=\"column\">\n\t\t\t<div class=\"elementor-column-wrap  elementor-element-populated\">\n\t\t\t\t\t<div class=\"elementor-widget-wrap\">\n\t\t\t\t<div class=\"elementor-element elementor-element-6238afc elementor-widget elementor-widget-spacer\" data-id=\"6238afc\" data-element_type=\"widget\" data-widget_type=\"spacer.default\">\n\t\t\t\t<div class=\"elementor-widget-container\">\n\t\t\t\t\t<div class=\"elementor-spacer\">\n\t\t\t<div class=\"elementor-spacer-inner\"><\/div>\n\t\t<\/div>\n\t\t\t\t<\/div>\n\t\t\t\t<\/div>\n\t\t\t\t<div class=\"elementor-element elementor-element-64ce668 elementor-widget elementor-widget-heading\" data-id=\"64ce668\" data-element_type=\"widget\" data-widget_type=\"heading.default\">\n\t\t\t\t<div class=\"elementor-widget-container\">\n\t\t\t<h3 class=\"elementor-heading-title elementor-size-default\">Cosa dicono di noi<\/h3>\t\t<\/div>\n\t\t\t\t<\/div>\n\t\t\t\t<div class=\"elementor-element elementor-element-b05b7bb elementor-widget elementor-widget-image\" data-id=\"b05b7bb\" data-element_type=\"widget\" data-widget_type=\"image.default\">\n\t\t\t\t<div class=\"elementor-widget-container\">\n\t\t\t\t\t<div class=\"elementor-image\">\n\t\t\t\t\t\t\t\t\t\t<img decoding=\"async\" src=\"http:\/\/anon.wp1.zootemplate.com\/wp-content\/uploads\/2020\/01\/h4-pendant.png\" title=\"\" alt=\"\" \/>\t\t\t\t\t\t\t\t\t\t\t<\/div>\n\t\t\t\t<\/div>\n\t\t\t\t<\/div>\n\t\t\t\t<div class=\"elementor-element elementor-element-a9f9a4b elementor-widget elementor-widget-clever-testimonial\" data-id=\"a9f9a4b\" data-element_type=\"widget\" data-widget_type=\"clever-testimonial.default\">\n\t\t\t\t<div class=\"elementor-widget-container\">\n\t\t\t    <div class=\"cafe-testimonial carousel-layout style-3  cafe-grid-lg-1-cols cafe-grid-md-1-cols cafe-grid-1-cols cafe-carousel \"\n         data-cafe-config='{\n            &quot;slides_to_show&quot; : 1,\n            &quot;slides_to_show_tablet&quot; : 1,\n            &quot;slides_to_show_mobile&quot; : 1,\n            &quot;speed&quot;: 3000,\n            &quot;scroll&quot;: 1,\n            &quot;autoplay&quot;: false,\n            &quot;autoplay_tablet&quot;: false,\n            &quot;autoplay_mobile&quot;: false,\n            &quot;show_pag&quot;: false,\n            &quot;show_pag_tablet&quot;: false,\n            &quot;show_pag_mobile&quot;: false,\n            &quot;show_nav&quot;: true,\n            &quot;show_nav_tablet&quot;: false,\n            &quot;show_nav_mobile&quot;: false,\n            &quot;wrap&quot;: &quot;.cafe-row&quot;\n        }'>\n        <div class=\"cafe-row\">\n                                <article\n                            class=\"cafe-testimonial-item cafe-col cafe-testimonial-c662b94\">\n                        <div class=\"cafe-wrap-content\">\n                            <div class=\"cafe-wrap-testimonial-info\">\n                                                                                                    <div class=\"cafe-testimonial-rate\">\n                                        <span class=\"cafe-rate-star -stars\"><\/span>\n                                    <\/div>\n                                                                <\/div>\n                            <div class=\"cafe-testimonial-content\">\n                                \"Soddisfatta dell'acquisto dell'abito, modifiche fatte a pennello e ottima qualit\u00e0.\"                            <\/div>\n                            <div class=\"cafe-wrap-author-info\">\n                                                                    <h4 class=\"cafe-testimonial-author\">Sara                                    <\/h4>\n                                                                                            <\/div>\n                        <\/div>\n                    <\/article>\n                                    <article\n                            class=\"cafe-testimonial-item cafe-col cafe-testimonial-ce2da82\">\n                        <div class=\"cafe-wrap-content\">\n                            <div class=\"cafe-wrap-testimonial-info\">\n                                                                                                    <div class=\"cafe-testimonial-rate\">\n                                        <span class=\"cafe-rate-star -stars\"><\/span>\n                                    <\/div>\n                                                                <\/div>\n                            <div class=\"cafe-testimonial-content\">\n                                \"Quando ho visto l'abito, non ho avuto dubbi, era quello, e Colet mi ha seguita passo dopo passo in ogni dettaglio.\"                            <\/div>\n                            <div class=\"cafe-wrap-author-info\">\n                                                                    <h4 class=\"cafe-testimonial-author\">Antonella                                    <\/h4>\n                                                                                            <\/div>\n                        <\/div>\n                    <\/article>\n                                    <article\n                            class=\"cafe-testimonial-item cafe-col cafe-testimonial-d6e53de\">\n                        <div class=\"cafe-wrap-content\">\n                            <div class=\"cafe-wrap-testimonial-info\">\n                                                                                                    <div class=\"cafe-testimonial-rate\">\n                                        <span class=\"cafe-rate-star -stars\"><\/span>\n                                    <\/div>\n                                                                <\/div>\n                            <div class=\"cafe-testimonial-content\">\n                                \"Cura dei dettagli e attenzione per il cliente, ogni mia richiesta \u00e8 stata soddisfatta con dedizione e precisione.\nUna squadra fantastica pronta a realizzare ogni desiderio. Grazie mille!\"                            <\/div>\n                            <div class=\"cafe-wrap-author-info\">\n                                                                    <h4 class=\"cafe-testimonial-author\">Paola                                    <\/h4>\n                                                                                            <\/div>\n                        <\/div>\n                    <\/article>\n                        <\/div>\n    <\/div>\n\t\t<\/div>\n\t\t\t\t<\/div>\n\t\t\t\t<div class=\"elementor-element elementor-element-8edcca6 elementor-widget elementor-widget-spacer\" data-id=\"8edcca6\" data-element_type=\"widget\" data-widget_type=\"spacer.default\">\n\t\t\t\t<div class=\"elementor-widget-container\">\n\t\t\t\t\t<div class=\"elementor-spacer\">\n\t\t\t<div class=\"elementor-spacer-inner\"><\/div>\n\t\t<\/div>\n\t\t\t\t<\/div>\n\t\t\t\t<\/div>\n\t\t\t\t\t\t<\/div>\n\t\t\t<\/div>\n\t\t<\/div>\n\t\t\t\t\t\t<\/div>\n\t\t\t<\/div>\n\t\t<\/section>\n\t\t\t\t\t\t<\/div>\n\t\t\t<\/div>\n\t\t<\/div>\n\t\t","protected":false},"excerpt":{"rendered":"<p>Atelier Colet fa rima con Sposi, Matrimonio, ma principalmente con stile ed eleganza. Nel giorno pi\u00f9 bello, ormai \u00e8 cambiato tutto: location, men\u00f9 dei banchetti, viaggi\u00a0e liste nozze, quello che&#8230;<\/p>\n","protected":false},"author":1,"featured_media":0,"parent":0,"menu_order":0,"comment_status":"closed","ping_status":"closed","template":"","meta":{"footnotes":""},"_links":{"self":[{"href":"https:\/\/coletsposi.com\/it\/wp-json\/wp\/v2\/pages\/1495"}],"collection":[{"href":"https:\/\/coletsposi.com\/it\/wp-json\/wp\/v2\/pages"}],"about":[{"href":"https:\/\/coletsposi.com\/it\/wp-json\/wp\/v2\/types\/page"}],"author":[{"embeddable":true,"href":"https:\/\/coletsposi.com\/it\/wp-json\/wp\/v2\/users\/1"}],"replies":[{"embeddable":true,"href":"https:\/\/coletsposi.com\/it\/wp-json\/wp\/v2\/comments?post=1495"}],"version-history":[{"count":57,"href":"https:\/\/coletsposi.com\/it\/wp-json\/wp\/v2\/pages\/1495\/revisions"}],"predecessor-version":[{"id":3168,"href":"https:\/\/coletsposi.com\/it\/wp-json\/wp\/v2\/pages\/1495\/revisions\/3168"}],"wp:attachment":[{"href":"https:\/\/coletsposi.com\/it\/wp-json\/wp\/v2\/media?parent=1495"}],"curies":[{"name":"wp","href":"https:\/\/api.w.org\/{rel}","templated":true}]}}