{"id":21146,"date":"2023-08-09T16:11:27","date_gmt":"2023-08-09T14:11:27","guid":{"rendered":"https:\/\/coletsposi.com\/it\/?post_type=product&#038;p=21146"},"modified":"2023-08-09T16:11:27","modified_gmt":"2023-08-09T14:11:27","slug":"alyvia","status":"publish","type":"product","link":"https:\/\/coletsposi.com\/it\/product\/alyvia\/","title":{"rendered":"ALYVIA"},"content":{"rendered":"<p>Abito da sposa aderente e svasato in mikado off-white con lungo strascico pieno di glamour. Il corpetto senza maniche \u00e8 dotato di stecche interne per una vestibilit\u00e0 perfetta e la scollatura \u00e8 impreziosita da giocose fioriture 3D.<\/p>\n","protected":false},"excerpt":{"rendered":"<p>Abito da sposa aderente e svasato in mikado off-white con lungo strascico pieno di glamour. Il corpetto senza maniche \u00e8 dotato di stecche interne per una vestibilit\u00e0 perfetta e la&#8230;<\/p>\n","protected":false},"featured_media":21147,"template":"","meta":[],"_links":{"self":[{"href":"https:\/\/coletsposi.com\/it\/wp-json\/wp\/v2\/product\/21146"}],"collection":[{"href":"https:\/\/coletsposi.com\/it\/wp-json\/wp\/v2\/product"}],"about":[{"href":"https:\/\/coletsposi.com\/it\/wp-json\/wp\/v2\/types\/product"}],"wp:featuredmedia":[{"embeddable":true,"href":"https:\/\/coletsposi.com\/it\/wp-json\/wp\/v2\/media\/21147"}],"wp:attachment":[{"href":"https:\/\/coletsposi.com\/it\/wp-json\/wp\/v2\/media?parent=21146"}],"curies":[{"name":"wp","href":"https:\/\/api.w.org\/{rel}","templated":true}]}}