{"id":21739,"date":"2023-11-27T18:53:12","date_gmt":"2023-11-27T17:53:12","guid":{"rendered":"https:\/\/coletsposi.com\/it\/?post_type=product&#038;p=21739"},"modified":"2023-11-27T18:53:12","modified_gmt":"2023-11-27T17:53:12","slug":"luzon","status":"publish","type":"product","link":"https:\/\/coletsposi.com\/it\/product\/luzon\/","title":{"rendered":"LUZON"},"content":{"rendered":"<p>Abito da sposa boh\u00e9mien dal look disinvolto, con un taglio unico e originale, una silhouette armoniosa e una vestibilit\u00e0 che valorizza la figura. La lunga gonna arricciata e il corpetto a collo alto slanciano e mettono in risalto il fisico. Il d\u00e9collet\u00e9 \u00e8 incorniciato da un dettaglio cutout di pizzo semitrasparente e l&#8217;apertura a goccia sulla schiena con fascetta incrociata ornata da perline conferisce un aspetto di straordinaria sensualit\u00e0.<\/p>\n","protected":false},"excerpt":{"rendered":"<p>Abito da sposa boh\u00e9mien dal look disinvolto, con un taglio unico e originale, una silhouette armoniosa e una vestibilit\u00e0 che valorizza la figura. La lunga gonna arricciata e il corpetto&#8230;<\/p>\n","protected":false},"featured_media":21740,"template":"","meta":[],"_links":{"self":[{"href":"https:\/\/coletsposi.com\/it\/wp-json\/wp\/v2\/product\/21739"}],"collection":[{"href":"https:\/\/coletsposi.com\/it\/wp-json\/wp\/v2\/product"}],"about":[{"href":"https:\/\/coletsposi.com\/it\/wp-json\/wp\/v2\/types\/product"}],"wp:featuredmedia":[{"embeddable":true,"href":"https:\/\/coletsposi.com\/it\/wp-json\/wp\/v2\/media\/21740"}],"wp:attachment":[{"href":"https:\/\/coletsposi.com\/it\/wp-json\/wp\/v2\/media?parent=21739"}],"curies":[{"name":"wp","href":"https:\/\/api.w.org\/{rel}","templated":true}]}}