{"id":22245,"date":"2024-08-09T13:43:04","date_gmt":"2024-08-09T11:43:04","guid":{"rendered":"https:\/\/coletsposi.com\/it\/?post_type=product&#038;p=22245"},"modified":"2024-08-09T13:43:05","modified_gmt":"2024-08-09T11:43:05","slug":"julian","status":"publish","type":"product","link":"https:\/\/coletsposi.com\/it\/product\/julian\/","title":{"rendered":"JULIAN"},"content":{"rendered":"<p>JULIAN \u00e8 un abito che lascer\u00e0 un segno indelebile nella mente di chi se lo vedr\u00e0 passare davanti. \u00c8 un modello strutturato in classico mikado effetto jacquard, con corpetto dotato di spalline e scollatura quadrata e voluminosa gonna stile principessa ornata in vita da un magnifico dettaglio floreale staccabile che crea un effetto stupefacente e idilliaco.<\/p>\n","protected":false},"excerpt":{"rendered":"<p>JULIAN \u00e8 un abito che lascer\u00e0 un segno indelebile nella mente di chi se lo vedr\u00e0 passare davanti. \u00c8 un modello strutturato in classico mikado effetto jacquard, con corpetto dotato&#8230;<\/p>\n","protected":false},"featured_media":22246,"template":"","meta":[],"_links":{"self":[{"href":"https:\/\/coletsposi.com\/it\/wp-json\/wp\/v2\/product\/22245"}],"collection":[{"href":"https:\/\/coletsposi.com\/it\/wp-json\/wp\/v2\/product"}],"about":[{"href":"https:\/\/coletsposi.com\/it\/wp-json\/wp\/v2\/types\/product"}],"wp:featuredmedia":[{"embeddable":true,"href":"https:\/\/coletsposi.com\/it\/wp-json\/wp\/v2\/media\/22246"}],"wp:attachment":[{"href":"https:\/\/coletsposi.com\/it\/wp-json\/wp\/v2\/media?parent=22245"}],"curies":[{"name":"wp","href":"https:\/\/api.w.org\/{rel}","templated":true}]}}