{"id":22363,"date":"2024-09-11T13:37:05","date_gmt":"2024-09-11T11:37:05","guid":{"rendered":"https:\/\/coletsposi.com\/it\/?post_type=product&#038;p=22363"},"modified":"2024-09-11T13:37:06","modified_gmt":"2024-09-11T11:37:06","slug":"keiko","status":"publish","type":"product","link":"https:\/\/coletsposi.com\/it\/product\/keiko\/","title":{"rendered":"KEIKO"},"content":{"rendered":"<p>Il romantico modello KEIKO emana un ammaliante fascino boh\u00e9mien. La silhouette semplice \u00e8 composta da un corpetto in pizzo con scollatura a V sul davanti e sul retro, nonch\u00e9 una gonna A-line fluente che ricade con leggerezza sulla silhouette.<\/p>\n","protected":false},"excerpt":{"rendered":"<p>Il romantico modello KEIKO emana un ammaliante fascino boh\u00e9mien. La silhouette semplice \u00e8 composta da un corpetto in pizzo con scollatura a V sul davanti e sul retro, nonch\u00e9 una&#8230;<\/p>\n","protected":false},"featured_media":22364,"template":"","meta":[],"_links":{"self":[{"href":"https:\/\/coletsposi.com\/it\/wp-json\/wp\/v2\/product\/22363"}],"collection":[{"href":"https:\/\/coletsposi.com\/it\/wp-json\/wp\/v2\/product"}],"about":[{"href":"https:\/\/coletsposi.com\/it\/wp-json\/wp\/v2\/types\/product"}],"wp:featuredmedia":[{"embeddable":true,"href":"https:\/\/coletsposi.com\/it\/wp-json\/wp\/v2\/media\/22364"}],"wp:attachment":[{"href":"https:\/\/coletsposi.com\/it\/wp-json\/wp\/v2\/media?parent=22363"}],"curies":[{"name":"wp","href":"https:\/\/api.w.org\/{rel}","templated":true}]}}