{"id":22566,"date":"2024-08-28T15:55:15","date_gmt":"2024-08-28T13:55:15","guid":{"rendered":"https:\/\/coletsposi.com\/it\/?post_type=product&#038;p=22566"},"modified":"2024-08-28T15:55:15","modified_gmt":"2024-08-28T13:55:15","slug":"inno","status":"publish","type":"product","link":"https:\/\/coletsposi.com\/it\/product\/inno\/","title":{"rendered":"INNO"},"content":{"rendered":"<p>INNO \u00e8 un abito dal taglio a sirena ricco di dettagli che lo rendono la scelta ideale per le spose pi\u00f9 sofisticate. Mentre il corpetto con una profonda scollatura a cuore \u00e8 delineato da doppie spalline che diventano triple man mano che attraversano la schiena, la gonna in cr\u00eape abbraccia la silhouette della sposa con assoluta eleganza.<\/p>\n","protected":false},"excerpt":{"rendered":"<p>INNO \u00e8 un abito dal taglio a sirena ricco di dettagli che lo rendono la scelta ideale per le spose pi\u00f9 sofisticate. Mentre il corpetto con una profonda scollatura a&#8230;<\/p>\n","protected":false},"featured_media":22567,"template":"","meta":[],"_links":{"self":[{"href":"https:\/\/coletsposi.com\/it\/wp-json\/wp\/v2\/product\/22566"}],"collection":[{"href":"https:\/\/coletsposi.com\/it\/wp-json\/wp\/v2\/product"}],"about":[{"href":"https:\/\/coletsposi.com\/it\/wp-json\/wp\/v2\/types\/product"}],"wp:featuredmedia":[{"embeddable":true,"href":"https:\/\/coletsposi.com\/it\/wp-json\/wp\/v2\/media\/22567"}],"wp:attachment":[{"href":"https:\/\/coletsposi.com\/it\/wp-json\/wp\/v2\/media?parent=22566"}],"curies":[{"name":"wp","href":"https:\/\/api.w.org\/{rel}","templated":true}]}}