{"id":22620,"date":"2024-09-23T18:07:28","date_gmt":"2024-09-23T16:07:28","guid":{"rendered":"https:\/\/coletsposi.com\/it\/?post_type=product&#038;p=22620"},"modified":"2024-09-23T18:07:28","modified_gmt":"2024-09-23T16:07:28","slug":"harriet","status":"publish","type":"product","link":"https:\/\/coletsposi.com\/it\/product\/harriet\/","title":{"rendered":"HARRIET"},"content":{"rendered":"<p>Abito da sposa a sirena, un vero capolavoro di eleganza e fascino. Ogni dettaglio di questo abito \u00e8 meticolosamente realizzato per creare un completo mozzafiato che lascer\u00e0 tutti a bocca aperta. L&#8217;intera silhouette \u00e8 adornata da intricati lavori di perline, perle e pizzo floreale, creando un&#8217;affascinante esposizione di texture e maestria. La profonda scollatura a V aggiunge un pizzico di sensualit\u00e0, mentre le maniche lunghe emanano un&#8217;aria di raffinatezza e grazia.<\/p>\n","protected":false},"excerpt":{"rendered":"<p>Abito da sposa a sirena, un vero capolavoro di eleganza e fascino. Ogni dettaglio di questo abito \u00e8 meticolosamente realizzato per creare un completo mozzafiato che lascer\u00e0 tutti a bocca&#8230;<\/p>\n","protected":false},"featured_media":22621,"template":"","meta":[],"_links":{"self":[{"href":"https:\/\/coletsposi.com\/it\/wp-json\/wp\/v2\/product\/22620"}],"collection":[{"href":"https:\/\/coletsposi.com\/it\/wp-json\/wp\/v2\/product"}],"about":[{"href":"https:\/\/coletsposi.com\/it\/wp-json\/wp\/v2\/types\/product"}],"wp:featuredmedia":[{"embeddable":true,"href":"https:\/\/coletsposi.com\/it\/wp-json\/wp\/v2\/media\/22621"}],"wp:attachment":[{"href":"https:\/\/coletsposi.com\/it\/wp-json\/wp\/v2\/media?parent=22620"}],"curies":[{"name":"wp","href":"https:\/\/api.w.org\/{rel}","templated":true}]}}