{"id":22677,"date":"2024-10-22T12:57:26","date_gmt":"2024-10-22T10:57:26","guid":{"rendered":"https:\/\/coletsposi.com\/it\/?post_type=product&#038;p=22677"},"modified":"2024-10-22T12:57:26","modified_gmt":"2024-10-22T10:57:26","slug":"milos","status":"publish","type":"product","link":"https:\/\/coletsposi.com\/it\/product\/milos\/","title":{"rendered":"MILOS"},"content":{"rendered":"<p>L&#8217;importanza delle linee e dei volumi \u00e8 evidente in questo modello a taglio A realizzato in mikado. Il corpo, con d\u00e9collet\u00e9 a cuore, mostra delle splendide maniche corte in una cascata di volant di organza.<\/p>\n","protected":false},"excerpt":{"rendered":"<p>L&#8217;importanza delle linee e dei volumi \u00e8 evidente in questo modello a taglio A realizzato in mikado. Il corpo, con d\u00e9collet\u00e9 a cuore, mostra delle splendide maniche corte in una&#8230;<\/p>\n","protected":false},"featured_media":22678,"template":"","meta":[],"_links":{"self":[{"href":"https:\/\/coletsposi.com\/it\/wp-json\/wp\/v2\/product\/22677"}],"collection":[{"href":"https:\/\/coletsposi.com\/it\/wp-json\/wp\/v2\/product"}],"about":[{"href":"https:\/\/coletsposi.com\/it\/wp-json\/wp\/v2\/types\/product"}],"wp:featuredmedia":[{"embeddable":true,"href":"https:\/\/coletsposi.com\/it\/wp-json\/wp\/v2\/media\/22678"}],"wp:attachment":[{"href":"https:\/\/coletsposi.com\/it\/wp-json\/wp\/v2\/media?parent=22677"}],"curies":[{"name":"wp","href":"https:\/\/api.w.org\/{rel}","templated":true}]}}