{"id":22682,"date":"2024-10-22T13:00:48","date_gmt":"2024-10-22T11:00:48","guid":{"rendered":"https:\/\/coletsposi.com\/it\/?post_type=product&#038;p=22682"},"modified":"2024-10-22T13:00:48","modified_gmt":"2024-10-22T11:00:48","slug":"nereids","status":"publish","type":"product","link":"https:\/\/coletsposi.com\/it\/product\/nereids\/","title":{"rendered":"NEREIDS"},"content":{"rendered":"<p>Scegli questo vestito con corpetto in stile corsetto, con spallacci gioiello e d\u00e9collet\u00e9 a cuore, ricoperto di ricami in pizzo e perle. La gonna, aderente in vita, si apre con il taglio a A fluido ed \u00e8 realizzata in un elegante chiffon. I bordi della gonna riproducono ricami e trasparenze in una bella coda.<\/p>\n","protected":false},"excerpt":{"rendered":"<p>Scegli questo vestito con corpetto in stile corsetto, con spallacci gioiello e d\u00e9collet\u00e9 a cuore, ricoperto di ricami in pizzo e perle. La gonna, aderente in vita, si apre con&#8230;<\/p>\n","protected":false},"featured_media":22683,"template":"","meta":[],"_links":{"self":[{"href":"https:\/\/coletsposi.com\/it\/wp-json\/wp\/v2\/product\/22682"}],"collection":[{"href":"https:\/\/coletsposi.com\/it\/wp-json\/wp\/v2\/product"}],"about":[{"href":"https:\/\/coletsposi.com\/it\/wp-json\/wp\/v2\/types\/product"}],"wp:featuredmedia":[{"embeddable":true,"href":"https:\/\/coletsposi.com\/it\/wp-json\/wp\/v2\/media\/22683"}],"wp:attachment":[{"href":"https:\/\/coletsposi.com\/it\/wp-json\/wp\/v2\/media?parent=22682"}],"curies":[{"name":"wp","href":"https:\/\/api.w.org\/{rel}","templated":true}]}}