{"id":22687,"date":"2024-10-22T13:34:46","date_gmt":"2024-10-22T11:34:46","guid":{"rendered":"https:\/\/coletsposi.com\/it\/?post_type=product&#038;p=22687"},"modified":"2024-10-22T13:34:46","modified_gmt":"2024-10-22T11:34:46","slug":"orithyia","status":"publish","type":"product","link":"https:\/\/coletsposi.com\/it\/product\/orithyia\/","title":{"rendered":"ORITHYIA"},"content":{"rendered":"<p>Il trionfo della dolcezza rappresentato in questo vestito a taglio A fluido, realizzato in chiffon. Presenta un corpo di pizzo ricamato, con maniche corte e d\u00e9collet\u00e9 a V. Il punto vita \u00e8 esaltato da un doppio nastro.<\/p>\n","protected":false},"excerpt":{"rendered":"<p>Il trionfo della dolcezza rappresentato in questo vestito a taglio A fluido, realizzato in chiffon. Presenta un corpo di pizzo ricamato, con maniche corte e d\u00e9collet\u00e9 a V. Il punto&#8230;<\/p>\n","protected":false},"featured_media":22688,"template":"","meta":[],"_links":{"self":[{"href":"https:\/\/coletsposi.com\/it\/wp-json\/wp\/v2\/product\/22687"}],"collection":[{"href":"https:\/\/coletsposi.com\/it\/wp-json\/wp\/v2\/product"}],"about":[{"href":"https:\/\/coletsposi.com\/it\/wp-json\/wp\/v2\/types\/product"}],"wp:featuredmedia":[{"embeddable":true,"href":"https:\/\/coletsposi.com\/it\/wp-json\/wp\/v2\/media\/22688"}],"wp:attachment":[{"href":"https:\/\/coletsposi.com\/it\/wp-json\/wp\/v2\/media?parent=22687"}],"curies":[{"name":"wp","href":"https:\/\/api.w.org\/{rel}","templated":true}]}}