{"id":4251,"date":"2021-10-01T14:16:41","date_gmt":"2021-10-01T12:16:41","guid":{"rendered":"https:\/\/coletsposi.com\/it\/?post_type=product&#038;p=4251"},"modified":"2021-10-01T14:16:41","modified_gmt":"2021-10-01T12:16:41","slug":"faye","status":"publish","type":"product","link":"https:\/\/coletsposi.com\/it\/product\/faye\/","title":{"rendered":"FAYE"},"content":{"rendered":"<p>Modello ispirato all&#8217;alta moda pi\u00f9 classica, con taglio ampio in soffice mikado, stupendo corpetto in pizzo con spalle scese per un tocco di femminilit\u00e0 in pi\u00f9 e una gonna leggermente arricciata che termina in un imponente strascico regale.<\/p>\n","protected":false},"excerpt":{"rendered":"<p>Modello ispirato all&#8217;alta moda pi\u00f9 classica, con taglio ampio in soffice mikado, stupendo corpetto in pizzo con spalle scese per un tocco di femminilit\u00e0 in pi\u00f9 e una gonna leggermente&#8230;<\/p>\n","protected":false},"featured_media":4252,"template":"","meta":[],"_links":{"self":[{"href":"https:\/\/coletsposi.com\/it\/wp-json\/wp\/v2\/product\/4251"}],"collection":[{"href":"https:\/\/coletsposi.com\/it\/wp-json\/wp\/v2\/product"}],"about":[{"href":"https:\/\/coletsposi.com\/it\/wp-json\/wp\/v2\/types\/product"}],"wp:featuredmedia":[{"embeddable":true,"href":"https:\/\/coletsposi.com\/it\/wp-json\/wp\/v2\/media\/4252"}],"wp:attachment":[{"href":"https:\/\/coletsposi.com\/it\/wp-json\/wp\/v2\/media?parent=4251"}],"curies":[{"name":"wp","href":"https:\/\/api.w.org\/{rel}","templated":true}]}}