{"id":4256,"date":"2021-10-01T14:34:50","date_gmt":"2021-10-01T12:34:50","guid":{"rendered":"https:\/\/coletsposi.com\/it\/?post_type=product&#038;p=4256"},"modified":"2021-10-01T14:34:50","modified_gmt":"2021-10-01T12:34:50","slug":"cathy-2","status":"publish","type":"product","link":"https:\/\/coletsposi.com\/it\/product\/cathy-2\/","title":{"rendered":"CATHY"},"content":{"rendered":"<p>Una vera seconda pelle questo abito a sirena che avvolge le curve in un campo di delicati fiori freschi. Confezionato in tulle ricamato con profonda scollatura sulla schiena e sul d\u00e9collet\u00e9 e uno strascico di corte che \u00e8 una vera dichiarazione di stile.<\/p>\n","protected":false},"excerpt":{"rendered":"<p>Una vera seconda pelle questo abito a sirena che avvolge le curve in un campo di delicati fiori freschi. Confezionato in tulle ricamato con profonda scollatura sulla schiena e sul&#8230;<\/p>\n","protected":false},"featured_media":4257,"template":"","meta":[],"_links":{"self":[{"href":"https:\/\/coletsposi.com\/it\/wp-json\/wp\/v2\/product\/4256"}],"collection":[{"href":"https:\/\/coletsposi.com\/it\/wp-json\/wp\/v2\/product"}],"about":[{"href":"https:\/\/coletsposi.com\/it\/wp-json\/wp\/v2\/types\/product"}],"wp:featuredmedia":[{"embeddable":true,"href":"https:\/\/coletsposi.com\/it\/wp-json\/wp\/v2\/media\/4257"}],"wp:attachment":[{"href":"https:\/\/coletsposi.com\/it\/wp-json\/wp\/v2\/media?parent=4256"}],"curies":[{"name":"wp","href":"https:\/\/api.w.org\/{rel}","templated":true}]}}