{"id":4522,"date":"2021-10-06T14:11:07","date_gmt":"2021-10-06T12:11:07","guid":{"rendered":"https:\/\/coletsposi.com\/it\/?post_type=product&#038;p=4522"},"modified":"2021-10-06T14:11:07","modified_gmt":"2021-10-06T12:11:07","slug":"tanya","status":"publish","type":"product","link":"https:\/\/coletsposi.com\/it\/product\/tanya\/","title":{"rendered":"TANYA"},"content":{"rendered":"<p>Gonna in tulle per tantissima leggerezza e corpetto in pizzo e guipur per esaltare la sensualit\u00e0 con l&#8217;effetto semitrasparente. Una combinazione con carattere che accentua la personalit\u00e0 con le maniche a tre quarti e la schiena a obl\u00f2.<\/p>\n","protected":false},"excerpt":{"rendered":"<p>Gonna in tulle per tantissima leggerezza e corpetto in pizzo e guipur per esaltare la sensualit\u00e0 con l&#8217;effetto semitrasparente. Una combinazione con carattere che accentua la personalit\u00e0 con le maniche&#8230;<\/p>\n","protected":false},"featured_media":4523,"template":"","meta":[],"_links":{"self":[{"href":"https:\/\/coletsposi.com\/it\/wp-json\/wp\/v2\/product\/4522"}],"collection":[{"href":"https:\/\/coletsposi.com\/it\/wp-json\/wp\/v2\/product"}],"about":[{"href":"https:\/\/coletsposi.com\/it\/wp-json\/wp\/v2\/types\/product"}],"wp:featuredmedia":[{"embeddable":true,"href":"https:\/\/coletsposi.com\/it\/wp-json\/wp\/v2\/media\/4523"}],"wp:attachment":[{"href":"https:\/\/coletsposi.com\/it\/wp-json\/wp\/v2\/media?parent=4522"}],"curies":[{"name":"wp","href":"https:\/\/api.w.org\/{rel}","templated":true}]}}